{"id":68,"date":"2023-03-06T14:21:23","date_gmt":"2023-03-06T13:21:23","guid":{"rendered":"http:\/\/www.armbrustschuetzen.at\/?page_id=68"},"modified":"2023-03-06T14:21:23","modified_gmt":"2023-03-06T13:21:23","slug":"nach-dem-krieg-bis-heute","status":"publish","type":"page","link":"https:\/\/www.armbrustschuetzen.at\/?page_id=68","title":{"rendered":"Nach dem Krieg bis heute"},"content":{"rendered":"<p>Noch w\u00e4hrend des zweiten Weltkrieges, 1941, wurde den Holzknechten erlaubt, in der Hubhanslau, am heutigen Standort, eine Armbrustschie\u00dfst\u00e4tte zu bauen.<\/p>\n<figure id=\"attachment_69\" aria-describedby=\"caption-attachment-69\" style=\"width: 300px\" class=\"wp-caption alignleft\"><a href=\"http:\/\/www.armbrustschuetzen.at\/wp-content\/uploads\/2023\/03\/bauschiess.jpg\"><img decoding=\"async\" loading=\"lazy\" class=\"wp-image-69 size-medium\" src=\"http:\/\/www.armbrustschuetzen.at\/wp-content\/uploads\/2023\/03\/bauschiess-300x183.jpg\" alt=\"\" width=\"300\" height=\"183\" srcset=\"https:\/\/www.armbrustschuetzen.at\/wp-content\/uploads\/2023\/03\/bauschiess-300x183.jpg 300w, https:\/\/www.armbrustschuetzen.at\/wp-content\/uploads\/2023\/03\/bauschiess.jpg 633w\" sizes=\"(max-width: 300px) 100vw, 300px\" \/><\/a><figcaption id=\"caption-attachment-69\" class=\"wp-caption-text\">1941, als mit dem Bau am heutigen Standort begonnen wurde.<\/figcaption><\/figure>\n<p>Diese sollte bis 1975 ihre Dienste leisten, bis die von Grund auf neu aufgebaut wurde. Nach halbj\u00e4hriger Bauzeit war es dann soweit, da\u00df die neue Schie\u00dfst\u00e4tte in der Hubhanslau eingeweiht werden konnt. Das Er\u00f6ffnungsschie\u00dfen fand am 14.9.1975 statt. Nachdem der Bau auf eigenem Grund stattgefunden hat, wird der Verein wohl noch die n\u00e4chsten 100 Jahre und l\u00e4nger in der Hubhanslau bleiben.<\/p>\n<p>&nbsp;<\/p>\n<p>&nbsp;<\/p>\n<p>&nbsp;<\/p>\n<p>&nbsp;<\/p>\n<div id='gallery-1' class='gallery galleryid-68 gallery-columns-4 gallery-size-thumbnail'><figure class='gallery-item'>\n\t\t\t<div class='gallery-icon landscape'>\n\t\t\t\t<a href='https:\/\/www.armbrustschuetzen.at\/?attachment_id=72'><img width=\"150\" height=\"150\" src=\"https:\/\/www.armbrustschuetzen.at\/wp-content\/uploads\/2023\/03\/schiessstaettealt2-150x150.jpg\" class=\"attachment-thumbnail size-thumbnail\" alt=\"\" decoding=\"async\" loading=\"lazy\" aria-describedby=\"gallery-1-72\" \/><\/a>\n\t\t\t<\/div>\n\t\t\t\t<figcaption class='wp-caption-text gallery-caption' id='gallery-1-72'>\n\t\t\t\tDie &#8222;alte&#8220; Schie\u00dfst\u00e4tte in der Hubhanslau\n\t\t\t\t<\/figcaption><\/figure><figure class='gallery-item'>\n\t\t\t<div class='gallery-icon landscape'>\n\t\t\t\t<a href='https:\/\/www.armbrustschuetzen.at\/?attachment_id=73'><img width=\"150\" height=\"150\" src=\"https:\/\/www.armbrustschuetzen.at\/wp-content\/uploads\/2023\/03\/schutzenbildalt-150x150.jpg\" class=\"attachment-thumbnail size-thumbnail\" alt=\"\" decoding=\"async\" loading=\"lazy\" aria-describedby=\"gallery-1-73\" \/><\/a>\n\t\t\t<\/div>\n\t\t\t\t<figcaption class='wp-caption-text gallery-caption' id='gallery-1-73'>\n\t\t\t\tViel Platz war nicht, aber es war gem\u00fctlich\n\t\t\t\t<\/figcaption><\/figure><figure class='gallery-item'>\n\t\t\t<div class='gallery-icon landscape'>\n\t\t\t\t<a href='https:\/\/www.armbrustschuetzen.at\/?attachment_id=71'><img width=\"150\" height=\"150\" src=\"https:\/\/www.armbrustschuetzen.at\/wp-content\/uploads\/2023\/03\/DSC_00151-150x150.jpg\" class=\"attachment-thumbnail size-thumbnail\" alt=\"\" decoding=\"async\" loading=\"lazy\" aria-describedby=\"gallery-1-71\" \/><\/a>\n\t\t\t<\/div>\n\t\t\t\t<figcaption class='wp-caption-text gallery-caption' id='gallery-1-71'>\n\t\t\t\tZielerst\u00e4nde der heutigen Anlage\n\t\t\t\t<\/figcaption><\/figure><figure class='gallery-item'>\n\t\t\t<div class='gallery-icon landscape'>\n\t\t\t\t<a href='https:\/\/www.armbrustschuetzen.at\/?attachment_id=70'><img width=\"150\" height=\"150\" src=\"https:\/\/www.armbrustschuetzen.at\/wp-content\/uploads\/2023\/03\/DSC_0014-150x150.jpg\" class=\"attachment-thumbnail size-thumbnail\" alt=\"\" decoding=\"async\" loading=\"lazy\" aria-describedby=\"gallery-1-70\" \/><\/a>\n\t\t\t<\/div>\n\t\t\t\t<figcaption class='wp-caption-text gallery-caption' id='gallery-1-70'>\n\t\t\t\tDie &#8222;neue&#8220; Schie\u00dfst\u00e4tte erbaut im Jahre 1975\n\t\t\t\t<\/figcaption><\/figure>\n\t\t<\/div>\n\n","protected":false},"excerpt":{"rendered":"<p>Noch w\u00e4hrend des zweiten Weltkrieges, 1941, wurde den Holzknechten erlaubt, in der Hubhanslau, am heutigen Standort, eine Armbrustschie\u00dfst\u00e4tte zu bauen. Diese sollte bis 1975 ihre Dienste leisten, bis die von &#8230;<\/p>\n","protected":false},"author":1,"featured_media":0,"parent":0,"menu_order":0,"comment_status":"closed","ping_status":"closed","template":"template-fullwidth.php","meta":[],"_links":{"self":[{"href":"https:\/\/www.armbrustschuetzen.at\/index.php?rest_route=\/wp\/v2\/pages\/68"}],"collection":[{"href":"https:\/\/www.armbrustschuetzen.at\/index.php?rest_route=\/wp\/v2\/pages"}],"about":[{"href":"https:\/\/www.armbrustschuetzen.at\/index.php?rest_route=\/wp\/v2\/types\/page"}],"author":[{"embeddable":true,"href":"https:\/\/www.armbrustschuetzen.at\/index.php?rest_route=\/wp\/v2\/users\/1"}],"replies":[{"embeddable":true,"href":"https:\/\/www.armbrustschuetzen.at\/index.php?rest_route=%2Fwp%2Fv2%2Fcomments&post=68"}],"version-history":[{"count":1,"href":"https:\/\/www.armbrustschuetzen.at\/index.php?rest_route=\/wp\/v2\/pages\/68\/revisions"}],"predecessor-version":[{"id":74,"href":"https:\/\/www.armbrustschuetzen.at\/index.php?rest_route=\/wp\/v2\/pages\/68\/revisions\/74"}],"wp:attachment":[{"href":"https:\/\/www.armbrustschuetzen.at\/index.php?rest_route=%2Fwp%2Fv2%2Fmedia&parent=68"}],"curies":[{"name":"wp","href":"https:\/\/api.w.org\/{rel}","templated":true}]}}