{"id":61,"date":"2023-03-06T14:15:46","date_gmt":"2023-03-06T13:15:46","guid":{"rendered":"http:\/\/www.armbrustschuetzen.at\/?page_id=61"},"modified":"2023-03-06T14:15:46","modified_gmt":"2023-03-06T13:15:46","slug":"waehrend-des-krieges","status":"publish","type":"page","link":"https:\/\/www.armbrustschuetzen.at\/?page_id=61","title":{"rendered":"W\u00e4hrend des Krieges"},"content":{"rendered":"<p><strong>Schwere Zeiten f\u00fcr die Armbrustsch\u00fctzen 1938 &#8211; 1945<\/strong><\/p>\n<p>Sechs Jahre nachdem der &#8222;Verband der Armbrustsch\u00fctzen\u00a0vom Salzkammergut&#8220; gegr\u00fcndet worden\u00a0war und die Br\u00fcder Franz und Johann Grieshofer das Armbrustsch\u00fctzenwesen und die schon zahlreichen Vereine zusammenschlie\u00dfen konnten, begann mit dem Anschlu\u00df Oesterreichs 1938 eine schwere Zeit f\u00fcr die freiheitsliebenden Armbrustsch\u00fctzen.<\/p>\n<p>Der Regulierungswahn der Deutschen brach \u00fcber die Armbrustschuetzen herein und die Br\u00fcder Grieshofer hatten alle H\u00e4nde voll zu tun, den Verband und ihren Verein zu retten.Unmittelbar nach dem Anschlu\u00df mu\u00dften sich alle Vereine in den Deutschen Reichsbund f\u00fcr Leibesuebungen &#8222;eingliedern&#8220;, und lernten dann kennen, was die &#8222;Gauschuetzenf\u00fchrung 17 des Deutschen Schuetzenverbandes&#8220; war.<\/p>\n<p><a href=\"http:\/\/www.armbrustschuetzen.at\/wp-content\/uploads\/2023\/03\/nazibrief2.jpg\"><img decoding=\"async\" loading=\"lazy\" class=\"size-medium wp-image-62 alignleft\" src=\"http:\/\/www.armbrustschuetzen.at\/wp-content\/uploads\/2023\/03\/nazibrief2-212x300.jpg\" alt=\"\" width=\"212\" height=\"300\" srcset=\"https:\/\/www.armbrustschuetzen.at\/wp-content\/uploads\/2023\/03\/nazibrief2-212x300.jpg 212w, https:\/\/www.armbrustschuetzen.at\/wp-content\/uploads\/2023\/03\/nazibrief2-722x1024.jpg 722w, https:\/\/www.armbrustschuetzen.at\/wp-content\/uploads\/2023\/03\/nazibrief2-768x1089.jpg 768w, https:\/\/www.armbrustschuetzen.at\/wp-content\/uploads\/2023\/03\/nazibrief2-1083x1536.jpg 1083w, https:\/\/www.armbrustschuetzen.at\/wp-content\/uploads\/2023\/03\/nazibrief2.jpg 1343w\" sizes=\"(max-width: 212px) 100vw, 212px\" \/><\/a>Im Juli 1938 kl\u00e4rte der Kreisfachwart f\u00fcr Schie\u00dfen des D.R.L Kreis Oberdonau, Gerhard Kneifel aus Enns, Johann Grieshofer noch freundlich \u00fcber die neuen Strukturen mit einem Brief auf.<\/p>\n<p>Doch die Umstellung war f\u00fcr die Armbrustsch\u00fctzennicht von vordringlicher Bedeutung, weil sie ihrer Meinung nach Brauchtum und Tradition pflegten und keine Sportsch\u00fctzenvereine waren, die nach der deutschen Einheitssatzung f\u00fcr Sch\u00fctzenvereine t\u00e4glich Schie\u00dfen trainieren h\u00e4tten sollen. Es wurde auch angeordnet, die Winterzeit, in der die Armbrustsch\u00fctzen keinen Schie\u00dfbetrieb hatten, mit Kleinkaliberschie\u00dfen zu \u00fcberbr\u00fccken.<\/p>\n<p>&nbsp;<\/p>\n<p>Damit hatten aber die Armbrustsch\u00fctzen keine Eile,weshalb der \u201eGausch\u00fctzenf\u00fchrer\u201c Schorlemer am 24. 5. 1939 ein scharfes Ultimatum bis 15. 6. 1939 stellte und mit der Aufl\u00f6sung durch die Gestapo drohte. Franz Grieshofer berichtet uns dann in seinem Lebenslauf, da\u00df er in der Heereskommandatur in Gmundenzu erscheinen hatte, damit die Armbrust begutachtet werden konnte. Als die Deutschen feststellten, dass damit kein Krieg zu gewinnen war, lie\u00dfen sie die Armbrustsch\u00fctzen etwas in Ruhe.<\/p>\n<p>Die B\u00fcrokratie hatte die Armbrustsch\u00fctzen aber immernoch im Griff. Zwar war die Gefahr der Aufl\u00f6sung gebannt, aber der Deutsche Ordnungssinn setze denArmbrustsch\u00fctzen immer noch zu. 1940 hat Franz Grieshofer befehlsgem\u00e4\u00df die Verbandssitzungan den Deutschen Sch\u00fctzenverband gemeldet\u2013 und schon war das auch nicht recht:<\/p>\n<div id='gallery-1' class='gallery galleryid-61 gallery-columns-3 gallery-size-medium'><figure class='gallery-item'>\n\t\t\t<div class='gallery-icon portrait'>\n\t\t\t\t<a href='https:\/\/www.armbrustschuetzen.at\/?attachment_id=63'><img width=\"212\" height=\"300\" src=\"https:\/\/www.armbrustschuetzen.at\/wp-content\/uploads\/2023\/03\/nazibrief2-1-212x300.jpg\" class=\"attachment-medium size-medium\" alt=\"\" decoding=\"async\" loading=\"lazy\" srcset=\"https:\/\/www.armbrustschuetzen.at\/wp-content\/uploads\/2023\/03\/nazibrief2-1-212x300.jpg 212w, https:\/\/www.armbrustschuetzen.at\/wp-content\/uploads\/2023\/03\/nazibrief2-1-722x1024.jpg 722w, https:\/\/www.armbrustschuetzen.at\/wp-content\/uploads\/2023\/03\/nazibrief2-1-768x1089.jpg 768w, https:\/\/www.armbrustschuetzen.at\/wp-content\/uploads\/2023\/03\/nazibrief2-1-1083x1536.jpg 1083w, https:\/\/www.armbrustschuetzen.at\/wp-content\/uploads\/2023\/03\/nazibrief2-1.jpg 1343w\" sizes=\"(max-width: 212px) 100vw, 212px\" \/><\/a>\n\t\t\t<\/div><\/figure><figure class='gallery-item'>\n\t\t\t<div class='gallery-icon landscape'>\n\t\t\t\t<a href='https:\/\/www.armbrustschuetzen.at\/?attachment_id=64'><img width=\"300\" height=\"249\" src=\"https:\/\/www.armbrustschuetzen.at\/wp-content\/uploads\/2023\/03\/nazibrief3-300x249.jpg\" class=\"attachment-medium size-medium\" alt=\"\" decoding=\"async\" loading=\"lazy\" srcset=\"https:\/\/www.armbrustschuetzen.at\/wp-content\/uploads\/2023\/03\/nazibrief3-300x249.jpg 300w, https:\/\/www.armbrustschuetzen.at\/wp-content\/uploads\/2023\/03\/nazibrief3-1024x850.jpg 1024w, https:\/\/www.armbrustschuetzen.at\/wp-content\/uploads\/2023\/03\/nazibrief3-768x638.jpg 768w, https:\/\/www.armbrustschuetzen.at\/wp-content\/uploads\/2023\/03\/nazibrief3.jpg 1284w\" sizes=\"(max-width: 300px) 100vw, 300px\" \/><\/a>\n\t\t\t<\/div><\/figure>\n\t\t<\/div>\n\n<p>In seinem Antwortschreiben vom 17. 5. 1940 kl\u00e4rt der SA-Obergruppenf\u00fchrer Schorlemer Franz Grieshoferauf, da\u00df die Bezeichnung \u201eVerbandsf\u00fchrer JohannGrieshofer\u201c verboten ist, weil das nat\u00fcrlich ein Deutscher (SA-Obergruppenf\u00fchrer J\u00fcttner) ist, und es auch au\u00dfer dem Deutschen Sch\u00fctzenverband keine weiteren Verb\u00e4nde gibt.<br \/>\n<a href=\"http:\/\/www.armbrustschuetzen.at\/wp-content\/uploads\/2023\/03\/nazibrief4.jpg\"><img decoding=\"async\" loading=\"lazy\" class=\"size-medium wp-image-65 alignleft\" src=\"http:\/\/www.armbrustschuetzen.at\/wp-content\/uploads\/2023\/03\/nazibrief4-217x300.jpg\" alt=\"\" width=\"217\" height=\"300\" srcset=\"https:\/\/www.armbrustschuetzen.at\/wp-content\/uploads\/2023\/03\/nazibrief4-217x300.jpg 217w, https:\/\/www.armbrustschuetzen.at\/wp-content\/uploads\/2023\/03\/nazibrief4-741x1024.jpg 741w, https:\/\/www.armbrustschuetzen.at\/wp-content\/uploads\/2023\/03\/nazibrief4-768x1061.jpg 768w, https:\/\/www.armbrustschuetzen.at\/wp-content\/uploads\/2023\/03\/nazibrief4-1112x1536.jpg 1112w, https:\/\/www.armbrustschuetzen.at\/wp-content\/uploads\/2023\/03\/nazibrief4.jpg 1296w\" sizes=\"(max-width: 217px) 100vw, 217px\" \/><\/a>Der Armbrustsch\u00fctzenverband durfte sich damals also nur \u201eTagung der Armbrustsch\u00fctzen\u201c nennen. Abschlie\u00dfend urgiert der Gausch\u00fctzenf\u00fchrer so wie schon zuvor, da\u00df die Armbrustsch\u00fctzenvereine des Salzkammergutes sich \u00fcberwiegend nach wie vor nicht beim \u201eGau Ostmark\u201c angemeldet und eingetragen hatten.Leider sollten diese Probleme bald in den Hintergrund treten, weil die Mehrzahl der Sch\u00fctzen einr\u00fccken mu\u00dfte und den Krieg nur acht Sch\u00fctzen \u00fcberlebten, die den Armbrustsch\u00fctzenverein der Rettenbachler wiederaufbauen konnten.<\/p>\n<p>&nbsp;<\/p>\n<p>&nbsp;<\/p>\n<p>&nbsp;<\/p>\n<p>Hinweis: Die Abbildung des Hakenkreuzes auf den o.a. Briefen dient rein der geschichtlichen Auslegung dieses Vereins!<\/p>\n","protected":false},"excerpt":{"rendered":"<p>Schwere Zeiten f\u00fcr die Armbrustsch\u00fctzen 1938 &#8211; 1945 Sechs Jahre nachdem der &#8222;Verband der Armbrustsch\u00fctzen\u00a0vom Salzkammergut&#8220; gegr\u00fcndet worden\u00a0war und die Br\u00fcder Franz und Johann Grieshofer das Armbrustsch\u00fctzenwesen und die schon &#8230;<\/p>\n","protected":false},"author":1,"featured_media":0,"parent":0,"menu_order":0,"comment_status":"closed","ping_status":"closed","template":"template-fullwidth.php","meta":[],"_links":{"self":[{"href":"https:\/\/www.armbrustschuetzen.at\/index.php?rest_route=\/wp\/v2\/pages\/61"}],"collection":[{"href":"https:\/\/www.armbrustschuetzen.at\/index.php?rest_route=\/wp\/v2\/pages"}],"about":[{"href":"https:\/\/www.armbrustschuetzen.at\/index.php?rest_route=\/wp\/v2\/types\/page"}],"author":[{"embeddable":true,"href":"https:\/\/www.armbrustschuetzen.at\/index.php?rest_route=\/wp\/v2\/users\/1"}],"replies":[{"embeddable":true,"href":"https:\/\/www.armbrustschuetzen.at\/index.php?rest_route=%2Fwp%2Fv2%2Fcomments&post=61"}],"version-history":[{"count":1,"href":"https:\/\/www.armbrustschuetzen.at\/index.php?rest_route=\/wp\/v2\/pages\/61\/revisions"}],"predecessor-version":[{"id":66,"href":"https:\/\/www.armbrustschuetzen.at\/index.php?rest_route=\/wp\/v2\/pages\/61\/revisions\/66"}],"wp:attachment":[{"href":"https:\/\/www.armbrustschuetzen.at\/index.php?rest_route=%2Fwp%2Fv2%2Fmedia&parent=61"}],"curies":[{"name":"wp","href":"https:\/\/api.w.org\/{rel}","templated":true}]}}