{"id":41,"date":"2023-03-06T13:48:39","date_gmt":"2023-03-06T12:48:39","guid":{"rendered":"http:\/\/www.armbrustschuetzen.at\/?page_id=41"},"modified":"2023-03-06T14:06:48","modified_gmt":"2023-03-06T13:06:48","slug":"um-die-jahrhundertwende","status":"publish","type":"page","link":"https:\/\/www.armbrustschuetzen.at\/?page_id=41","title":{"rendered":"Um die Jahrhundertwende"},"content":{"rendered":"<p>Die Rettenbacher Armbrustsch\u00fctzen bewegten sich\u00a0 talabw\u00e4rts zum ehemaligen Gasthof &#8222;Rebhahn&#8220; am Beginn von Traxleck und nahe beim Rettenbach. Dort blieben sie dann bis der &#8222;Privilegierte Ischler Sch\u00fctzenverein&#8220; am Brandenberg seine Schie\u00dfst\u00e4tte f\u00fcr B\u00fcchsen ausweitete und es zu einer Kooperation zwischen Feuersch\u00fctzen und Stahelsch\u00fctzen kam.<\/p>\n<figure id=\"attachment_42\" aria-describedby=\"caption-attachment-42\" style=\"width: 300px\" class=\"wp-caption alignleft\"><a href=\"http:\/\/www.armbrustschuetzen.at\/wp-content\/uploads\/2023\/03\/schiesstaette-brandenberg-2.jpg\"><img decoding=\"async\" loading=\"lazy\" class=\"wp-image-42 size-medium\" src=\"http:\/\/www.armbrustschuetzen.at\/wp-content\/uploads\/2023\/03\/schiesstaette-brandenberg-2-300x195.jpg\" alt=\"\" width=\"300\" height=\"195\" srcset=\"https:\/\/www.armbrustschuetzen.at\/wp-content\/uploads\/2023\/03\/schiesstaette-brandenberg-2-300x195.jpg 300w, https:\/\/www.armbrustschuetzen.at\/wp-content\/uploads\/2023\/03\/schiesstaette-brandenberg-2.jpg 708w\" sizes=\"(max-width: 300px) 100vw, 300px\" \/><\/a><figcaption id=\"caption-attachment-42\" class=\"wp-caption-text\">Das kleine Geb\u00e4ude rechts war die Schiesst\u00e4tte der Stahelsch\u00fctzen<\/figcaption><\/figure>\n<p>Eine feste Schie\u00dfst\u00e4tte gab es nicht, die Scheiben und St\u00e4nde waren behelfsm\u00e4\u00dfig und beweglich, damit sienach dem Schie\u00dfen wieder abgebaut werden konnten.Das gesellige Beisammensein der Sch\u00fctzen fand damals in einer kleinen M\u00fchle oberhalb von Traxleck statt.<\/p>\n","protected":false},"excerpt":{"rendered":"<p>Die Rettenbacher Armbrustsch\u00fctzen bewegten sich\u00a0 talabw\u00e4rts zum ehemaligen Gasthof &#8222;Rebhahn&#8220; am Beginn von Traxleck und nahe beim Rettenbach. Dort blieben sie dann bis der &#8222;Privilegierte Ischler Sch\u00fctzenverein&#8220; am Brandenberg seine &#8230;<\/p>\n","protected":false},"author":1,"featured_media":0,"parent":0,"menu_order":0,"comment_status":"closed","ping_status":"closed","template":"template-fullwidth.php","meta":[],"_links":{"self":[{"href":"https:\/\/www.armbrustschuetzen.at\/index.php?rest_route=\/wp\/v2\/pages\/41"}],"collection":[{"href":"https:\/\/www.armbrustschuetzen.at\/index.php?rest_route=\/wp\/v2\/pages"}],"about":[{"href":"https:\/\/www.armbrustschuetzen.at\/index.php?rest_route=\/wp\/v2\/types\/page"}],"author":[{"embeddable":true,"href":"https:\/\/www.armbrustschuetzen.at\/index.php?rest_route=\/wp\/v2\/users\/1"}],"replies":[{"embeddable":true,"href":"https:\/\/www.armbrustschuetzen.at\/index.php?rest_route=%2Fwp%2Fv2%2Fcomments&post=41"}],"version-history":[{"count":3,"href":"https:\/\/www.armbrustschuetzen.at\/index.php?rest_route=\/wp\/v2\/pages\/41\/revisions"}],"predecessor-version":[{"id":59,"href":"https:\/\/www.armbrustschuetzen.at\/index.php?rest_route=\/wp\/v2\/pages\/41\/revisions\/59"}],"wp:attachment":[{"href":"https:\/\/www.armbrustschuetzen.at\/index.php?rest_route=%2Fwp%2Fv2%2Fmedia&parent=41"}],"curies":[{"name":"wp","href":"https:\/\/api.w.org\/{rel}","templated":true}]}}