{"id":17,"date":"2023-03-06T13:09:11","date_gmt":"2023-03-06T12:09:11","guid":{"rendered":"http:\/\/www.armbrustschuetzen.at\/?page_id=17"},"modified":"2023-03-06T13:39:49","modified_gmt":"2023-03-06T12:39:49","slug":"die-armbrust-ein-symbol-fuer-gemeinsinn-und-tradition","status":"publish","type":"page","link":"https:\/\/www.armbrustschuetzen.at\/?page_id=17","title":{"rendered":"Die Armbrust &#8211; ein Symbol f\u00fcr Gemeinsinn und Tradition"},"content":{"rendered":"<p>Seit 130 Jahren existiert die Rettenbacher Armbrustsch\u00fctzengesellschaft als Verein. Ihre Tradtion reicht jedoch wesentlich weiter zur\u00fcck und ist eng mit der Verwendung der Armbrust verbunden. Der mittelhochdeutsche Name Armbrust kommt \u00fcbrigens aus dem Lateinischen arcubalist, arbalist &#8211; daher die mundartliche Bezeichnung &#8222;Balester&#8220; &#8211; und bedeutet Schleuder mit Bogen.<\/p>\n<p><img decoding=\"async\" loading=\"lazy\" class=\"size-medium wp-image-12 alignleft\" src=\"http:\/\/www.armbrustschuetzen.at\/wp-content\/uploads\/2023\/03\/armbrustmodell1-300x225.jpg\" alt=\"\" width=\"300\" height=\"225\" srcset=\"https:\/\/www.armbrustschuetzen.at\/wp-content\/uploads\/2023\/03\/armbrustmodell1-300x225.jpg 300w, https:\/\/www.armbrustschuetzen.at\/wp-content\/uploads\/2023\/03\/armbrustmodell1.jpg 320w\" sizes=\"(max-width: 300px) 100vw, 300px\" \/>Die Armbrust ist im Prinzip ein horizontal auf einer Mittels\u00e4ule montierter Bogen, der es dem Sch\u00fctzen durch eine R\u00fcckhaltevorrichtung f\u00fcr die Sehne erm\u00f6glicht, die Waffe ohne Anstrengung gespannt zu halten und dadurch lange und genau zu zielen. Durch geeignete Konstruktion kann die Armbrust erheblich mehr Energie speichern und auf ein Projektil \u00fcbertragen, als es einem Bogensch\u00fctzen durch blo\u00dfe Armkraft m\u00f6glich w\u00e4re. Deshalb werden keine langen, elastischen Pfeile verschossen, die unter den auftretenden Beschleunigungskr\u00e4ften zerbrechen w\u00fcrden, sondern kurze, steife Bolzen oder seltener, Ton- oder Steinkugeln zu Jagd- und Sportzwecken.<\/p>\n<p>Im laufe der Zeit avoncierten sich im Salzkammergut einige traditionelle Bastler,die sich auf die Fertigung und Herstellung von Armbr\u00fcsten spezialisierten. Die Beschaffung der Teile f\u00fcr die Armbrust oblag wiederum Spezialisten. Der Eibenbogen verlangte die geschulten Blicke der Forstarbeiter und die Anfertigung der Hanfschnur beherrschten ebenfalls nur wenige. Wesentlichen Einflu\u00df auf die Weiterentwicklung der Armbrust hattte jedoch der mechanisch-technische Ausbau der Abzugs- und Absehvorrichtung. Die erste gro\u00dfe selbst\u00e4ndige Erfindung war die Konstruktion einer Klappe zum Fixieren der Schnur. Sie ersetzte den St\u00f6psel, der fr\u00fcher die Schnur aus der Vertiefung dr\u00fcckte. Eine weitere Verbesserung konnte durch das sogenannte &#8222;Boanl&#8220; erzielt werden. Das &#8222;Boanl&#8220;war eine Erfindung des Rettenbacher Vereinsmitgliedes Wilhelm Macht, der jeden Sonntag Nachmittag in der Schie\u00dfst\u00e4\u00e4te mit seiner &#8222;Zug&#8220; aufspielte und stundenlang Witze erz\u00e4hlen konnte. Nun wurde der Bolzen (Pfeil) nicht mehr mit der Schnur, sondern von einem &#8222;Rutscher&#8220; \u00fcber die Rinne bef\u00f6rdert.<\/p>\n<p>&nbsp;<\/p>\n","protected":false},"excerpt":{"rendered":"<p>Seit 130 Jahren existiert die Rettenbacher Armbrustsch\u00fctzengesellschaft als Verein. Ihre Tradtion reicht jedoch wesentlich weiter zur\u00fcck und ist eng mit der Verwendung der Armbrust verbunden. Der mittelhochdeutsche Name Armbrust kommt &#8230;<\/p>\n","protected":false},"author":1,"featured_media":0,"parent":0,"menu_order":0,"comment_status":"closed","ping_status":"closed","template":"template-fullwidth.php","meta":[],"_links":{"self":[{"href":"https:\/\/www.armbrustschuetzen.at\/index.php?rest_route=\/wp\/v2\/pages\/17"}],"collection":[{"href":"https:\/\/www.armbrustschuetzen.at\/index.php?rest_route=\/wp\/v2\/pages"}],"about":[{"href":"https:\/\/www.armbrustschuetzen.at\/index.php?rest_route=\/wp\/v2\/types\/page"}],"author":[{"embeddable":true,"href":"https:\/\/www.armbrustschuetzen.at\/index.php?rest_route=\/wp\/v2\/users\/1"}],"replies":[{"embeddable":true,"href":"https:\/\/www.armbrustschuetzen.at\/index.php?rest_route=%2Fwp%2Fv2%2Fcomments&post=17"}],"version-history":[{"count":4,"href":"https:\/\/www.armbrustschuetzen.at\/index.php?rest_route=\/wp\/v2\/pages\/17\/revisions"}],"predecessor-version":[{"id":33,"href":"https:\/\/www.armbrustschuetzen.at\/index.php?rest_route=\/wp\/v2\/pages\/17\/revisions\/33"}],"wp:attachment":[{"href":"https:\/\/www.armbrustschuetzen.at\/index.php?rest_route=%2Fwp%2Fv2%2Fmedia&parent=17"}],"curies":[{"name":"wp","href":"https:\/\/api.w.org\/{rel}","templated":true}]}}